{"id":482,"date":"2020-03-14T11:37:44","date_gmt":"2020-03-14T10:37:44","guid":{"rendered":"http:\/\/medsper-2019.uniroma2.it\/?page_id=482"},"modified":"2026-02-18T15:40:20","modified_gmt":"2026-02-18T14:40:20","slug":"organigramma-segreteria","status":"publish","type":"page","link":"https:\/\/www-2026.medsper.uniroma2.it\/?page_id=482","title":{"rendered":"Organigramma Segreteria"},"content":{"rendered":"\n<div class=\"wp-block-columns alignwide is-layout-flex wp-container-core-columns-is-layout-9d6595d7 wp-block-columns-is-layout-flex\">\n<div class=\"wp-block-column is-layout-flow wp-block-column-is-layout-flow\">\n<figure class=\"wp-block-image size-full\"><img loading=\"lazy\" decoding=\"async\" width=\"726\" height=\"365\" src=\"http:\/\/www-2026.medsper.uniroma2.it\/wp-content\/uploads\/2026\/02\/Segr-amm.jpg\" alt=\"\" class=\"wp-image-3612\" srcset=\"https:\/\/www-2026.medsper.uniroma2.it\/wp-content\/uploads\/2026\/02\/Segr-amm.jpg 726w, https:\/\/www-2026.medsper.uniroma2.it\/wp-content\/uploads\/2026\/02\/Segr-amm-300x151.jpg 300w\" sizes=\"auto, (max-width: 726px) 100vw, 726px\" \/><\/figure>\n<\/div>\n\n\n\n<div class=\"wp-block-column is-vertically-aligned-center is-layout-flow wp-block-column-is-layout-flow\">\n<p class=\"has-text-align-center\" style=\"font-size:15px\"><em>Orario ricevimento:<\/em><\/p>\n\n\n\n<p class=\"has-text-align-center has-black-color has-text-color\" style=\"font-size:15px\">Luned\u00ec &#8211; Mercoled\u00ec &#8211; Gioved\u00ec &#8211; Venerd\u00ec dalle 11.00 alle 13.00<\/p>\n\n\n\n<p class=\"has-text-align-center has-black-color has-text-color\" style=\"font-size:15px\">Mercoled\u00ec dalle 14.00 alle 15.00<\/p>\n\n\n\n<p class=\"has-text-align-center\" style=\"font-size:15px\"><em>Edificio D, II piano, stanza D26<\/em><\/p>\n<\/div>\n<\/div>\n\n\n\n<p class=\"has-text-align-center has-black-color has-text-color has-link-color has-medium-font-size wp-elements-8e86f90dfc84e54ee4f17e5c7b77a4f7\"><a href=\"mailto:dipartimento@medsper.uniroma2.it\"><strong>dipartimento@medsper.uniroma2.it<\/strong><\/a><\/p>\n\n\n\n<hr class=\"wp-block-separator alignwide has-alpha-channel-opacity\"\/>\n\n\n\n<h2 class=\"wp-block-heading has-text-align-center\">DIRETTORE<\/h2>\n\n\n\n<p class=\"has-text-align-center has-black-color has-text-color has-link-color wp-elements-e52da079caa04a522900fb0ecb76a01e\">Prof. Alessandro <strong>MAURIELLO<\/strong> &#8211; <em>telefono<\/em>: 06 7259 6977<\/p>\n\n\n\n<p class=\"has-text-align-center has-black-color has-text-color has-link-color wp-elements-de789db18948d21cdcecec66b251cebd\"><a href=\"mailto:alessandro.mauriello@uniroma2.it\">alessandro.mauriello@uniroma2.it<\/a><\/p>\n\n\n\n<hr class=\"wp-block-separator has-alpha-channel-opacity is-style-dots\"\/>\n\n\n\n<h2 class=\"wp-block-heading has-text-align-center\">SEGRETARIA AMMINISTRATIVA &#8211; ad interim<\/h2>\n\n\n\n<p class=\"has-text-align-center has-black-color has-text-color has-link-color wp-elements-1ae6ca40edf2f3cedc2f5883395c9fe1\">Dr.ssa Amalia <strong>MASTROFRANCESCO<\/strong> &#8211; <em>telefono: <\/em>06 7259 8755<\/p>\n\n\n\n<p class=\"has-text-align-center has-black-color has-text-color has-link-color wp-elements-a8966090f06d818a318b4ffb9112bfd3\"><a href=\"mailto:amalia.mastrofrancesco@uniroma2.it\">amalia.mastrofrancesco@uniroma2.it<\/a><\/p>\n\n\n\n<hr class=\"wp-block-separator has-alpha-channel-opacity is-style-dots\"\/>\n\n\n\n<h2 class=\"wp-block-heading has-text-align-center\">PERSONALE TECNICO AMMINISTRATIVO<\/h2>\n\n\n\n<p class=\"has-text-align-center has-black-color has-text-color has-link-color wp-elements-37c4e3049bb0ddb03568a70d6e0a32d8\">Dr.ssa Giulia <strong>GIONTA<\/strong> &#8211; <em>telefono<\/em>: 06 7259 6863 &#8211; <a href=\"mailto:giulia.gionta@uniroma2.it\">giulia.gionta@uniroma2.it<\/a><\/p>\n\n\n\n<p class=\"has-text-align-center has-black-color has-text-color has-link-color wp-elements-bd90d96b44d09c3260430a66e4a5c7f4\">Sig. Carlo <strong>PERESEMPIO<\/strong> &#8211; <em>telefono<\/em>: 06 7259 6911 &#8211; <a href=\"mailto:carlo.peresempio@uniroma2.it\">carlo.peresempio@uniroma2.it<\/a><\/p>\n\n\n\n<p class=\"has-text-align-center has-black-color has-text-color has-link-color wp-elements-abe914f9b82c29435e0ec3c72afd9a7d\">Dr. Simone <strong>UMBERTI<\/strong> &#8211; <em>telefono<\/em>: 06 7259 6936 &#8211; <a href=\"mailto:simone.umberti@uniroma2.it\">simone.umberti@uniroma2.it<\/a><\/p>\n\n\n\n<hr class=\"wp-block-separator has-alpha-channel-opacity is-style-dots\"\/>\n\n\n\n<h2 class=\"wp-block-heading has-text-align-center\">SEGRETERIA DIDATTICA MEDICINA VETERINARIA<\/h2>\n\n\n\n<p class=\"has-text-align-center has-black-color has-text-color has-link-color wp-elements-39c88bd60257d9ac9fbd7b8be32371b1\">Dr.ssa Martina <strong>VINCENZI<\/strong> &#8211; <em>telefono<\/em>: 06 7259 6935 &#8211; <a href=\"mailto:martina.vincenzi@uniroma2.it\">martina.vincenzi@uniroma2.it<\/a><\/p>\n\n\n\n<p><\/p>\n","protected":false},"excerpt":{"rendered":"<p>Orario ricevimento: Luned\u00ec &#8211; Mercoled\u00ec &#8211; Gioved\u00ec &#8211; Venerd\u00ec dalle 11.00 alle 13.00 Mercoled\u00ec dalle 14.00 alle 15.00 Edificio D, II piano, stanza D26 dipartimento@medsper.uniroma2.it DIRETTORE Prof. Alessandro MAURIELLO &#8211; telefono: 06 7259 6977 alessandro.mauriello@uniroma2.it SEGRETARIA AMMINISTRATIVA &#8211; ad interim<\/p>\n","protected":false},"author":1,"featured_media":0,"parent":0,"menu_order":0,"comment_status":"closed","ping_status":"closed","template":"","meta":{"footnotes":""},"class_list":["post-482","page","type-page","status-publish","hentry"],"_links":{"self":[{"href":"https:\/\/www-2026.medsper.uniroma2.it\/index.php?rest_route=\/wp\/v2\/pages\/482","targetHints":{"allow":["GET"]}}],"collection":[{"href":"https:\/\/www-2026.medsper.uniroma2.it\/index.php?rest_route=\/wp\/v2\/pages"}],"about":[{"href":"https:\/\/www-2026.medsper.uniroma2.it\/index.php?rest_route=\/wp\/v2\/types\/page"}],"author":[{"embeddable":true,"href":"https:\/\/www-2026.medsper.uniroma2.it\/index.php?rest_route=\/wp\/v2\/users\/1"}],"replies":[{"embeddable":true,"href":"https:\/\/www-2026.medsper.uniroma2.it\/index.php?rest_route=%2Fwp%2Fv2%2Fcomments&post=482"}],"version-history":[{"count":7,"href":"https:\/\/www-2026.medsper.uniroma2.it\/index.php?rest_route=\/wp\/v2\/pages\/482\/revisions"}],"predecessor-version":[{"id":3621,"href":"https:\/\/www-2026.medsper.uniroma2.it\/index.php?rest_route=\/wp\/v2\/pages\/482\/revisions\/3621"}],"wp:attachment":[{"href":"https:\/\/www-2026.medsper.uniroma2.it\/index.php?rest_route=%2Fwp%2Fv2%2Fmedia&parent=482"}],"curies":[{"name":"wp","href":"https:\/\/api.w.org\/{rel}","templated":true}]}}